{"id":25,"date":"2025-07-18T10:22:54","date_gmt":"2025-07-18T10:22:54","guid":{"rendered":"https:\/\/culinary-insights.de\/ueber\/"},"modified":"2025-08-19T17:08:09","modified_gmt":"2025-08-19T17:08:09","slug":"uber","status":"publish","type":"page","link":"https:\/\/culinary-insights.de\/de\/ueber\/","title":{"rendered":"\u00dcber"},"content":{"rendered":"<div class=\"wp-block-columns alignfull are-vertically-aligned-center is-layout-flex wp-container-core-columns-is-layout-28f84493 wp-block-columns-is-layout-flex\">\n<div class=\"wp-block-column is-vertically-aligned-center is-layout-flow wp-block-column-is-layout-flow\" style=\"flex-basis:100%\">\n<div class=\"wp-block-columns is-layout-flex wp-container-core-columns-is-layout-28f84493 wp-block-columns-is-layout-flex\">\n<div class=\"wp-block-column is-layout-flow wp-block-column-is-layout-flow\" style=\"flex-basis:100%\">\n<div class=\"wp-block-group alignfull has-background-background-color has-background has-global-padding is-layout-constrained wp-container-core-group-is-layout-7d1597ee wp-block-group-is-layout-constrained\" id=\"ueber-uns\" style=\"border-top-width:1px;margin-top:0;margin-bottom:0;padding-top:var(--wp--preset--spacing--60);padding-right:0;padding-bottom:var(--wp--preset--spacing--60);padding-left:0\">\n<div class=\"wp-block-columns alignwide is-layout-flex wp-container-core-columns-is-layout-d0bbbce0 wp-block-columns-is-layout-flex\">\n<div class=\"wp-block-column is-layout-flow wp-block-column-is-layout-flow\">\n<h1 class=\"wp-block-heading has-text-align-center has-foreground-color has-text-color has-link-color wp-elements-91d37e2998be6d050f9af01d07bec748\" style=\"border-style:none;border-width:0px\">Diejenigen, die schreiben, essen zweimal<\/h1>\n<\/div>\n<\/div>\n\n\n\n<div class=\"wp-block-group alignwide is-horizontal is-content-justification-center is-nowrap is-layout-flex wp-container-core-group-is-layout-c9fb6d23 wp-block-group-is-layout-flex\" style=\"border-style:none;border-width:0px;border-radius:0px;margin-top:0;margin-bottom:0;padding-top:0;padding-right:0;padding-bottom:0;padding-left:0;font-size:clamp(0.875rem, 0.875rem + ((1vw - 0.2rem) * 0.208), 1rem);\">\n<figure class=\"wp-block-image aligncenter size-full is-resized\"><img data-recalc-dims=\"1\" loading=\"lazy\" decoding=\"async\" width=\"1200\" height=\"1600\" src=\"https:\/\/i0.wp.com\/culinary-insights.de\/wp-content\/uploads\/2025\/07\/e0857afa-591e-47f3-93f8-33a84933acf9-1.jpeg?resize=1200%2C1600&#038;ssl=1\" alt=\"\" class=\"wp-image-62\" style=\"aspect-ratio:0.5625;object-fit:cover;width:346px;height:auto\" srcset=\"https:\/\/i0.wp.com\/culinary-insights.de\/wp-content\/uploads\/2025\/07\/e0857afa-591e-47f3-93f8-33a84933acf9-1.jpeg?w=1200&amp;ssl=1 1200w, https:\/\/i0.wp.com\/culinary-insights.de\/wp-content\/uploads\/2025\/07\/e0857afa-591e-47f3-93f8-33a84933acf9-1.jpeg?resize=225%2C300&amp;ssl=1 225w, https:\/\/i0.wp.com\/culinary-insights.de\/wp-content\/uploads\/2025\/07\/e0857afa-591e-47f3-93f8-33a84933acf9-1.jpeg?resize=768%2C1024&amp;ssl=1 768w, https:\/\/i0.wp.com\/culinary-insights.de\/wp-content\/uploads\/2025\/07\/e0857afa-591e-47f3-93f8-33a84933acf9-1.jpeg?resize=1152%2C1536&amp;ssl=1 1152w\" sizes=\"auto, (max-width: 1000px) 100vw, 1000px\" \/><figcaption class=\"wp-element-caption\"><strong>Prof. Dr. Ingo Scheuermann<\/strong> <br>Professur als Beruf - Kulinarik als Passion.<\/figcaption><\/figure>\n\n\n\n<blockquote class=\"wp-block-quote is-style-default wp-container-content-f22b2ade is-layout-flow wp-container-core-quote-is-layout-f5bb311e wp-block-quote-is-layout-flow\">\n<div class=\"wp-block-columns is-layout-flex wp-container-core-columns-is-layout-28f84493 wp-block-columns-is-layout-flex\">\n<div class=\"wp-block-column is-layout-flow wp-block-column-is-layout-flow\" style=\"flex-basis:100%\">\n<p class=\"has-text-align-left\">Meine Leidenschaft ist die analytische und subtile Entdeckung der kulinarischen Exzellenz. Emotional aufbereitet. Zum (Mit-)Erleben und als Inspiration.<\/p>\n\n\n\n<p>Als Gastrokritikerin und Restaurantbloggerin reise ich zu den renommiertesten Adressen der Haute Cuisine - aber auch zu versteckten Perlen, die im Stillen gl\u00e4nzen.<\/p>\n\n\n\n<p>F\u00fcr mich ist die Gastronomie nicht nur ein Handwerk, sondern auch eine Form des Geschichtenerz\u00e4hlens. Jeder Teller spricht, jede Komposition hat einen Zweck. Mein Ziel ist es, diese Geschichten lesbar und erlebbar zu machen - ehrlich, stilvoll und tiefgr\u00fcndig.<\/p>\n\n\n\n<p>Spitzengastronomie ist nicht nur eine Frage des Geschmacks, sondern auch der Dramaturgie, der Pr\u00e4sentation und der Ruhe zwischen den G\u00e4ngen.<\/p>\n\n\n\n<p><strong>Ich glaube an eine K\u00fcche, die mehr als nur beeindrucken will. <\/strong><br><strong>Sie soll bewegen, \u00fcberraschen und verbinden.<\/strong><\/p>\n\n\n\n<p>Meine Berichte folgen drei Schl\u00fcsselfragen:<\/p>\n\n\n\n<ol class=\"wp-block-list\">\n<li><strong>Was sagt uns dieses Men\u00fc - \u00fcber die Region, die Handschrift des K\u00fcchenchefs, seine Einstellung?<\/strong><\/li>\n\n\n\n<li><strong>Was bleibt im Kopf - und im Herzen?<\/strong><\/li>\n\n\n\n<li><strong>W\u00fcrde ich zur\u00fcckkommen - und warum?<\/strong><\/li>\n<\/ol>\n\n\n\n<p>\ud83d\udccdBislang besucht: \u00fcber 150 Restaurants in 12 L\u00e4ndern<br>\ud83c\udf1f Mein Schwerpunkt: gehobene K\u00fcche, Michelin-Sterne-K\u00fcche, neue Avantgarde<\/p>\n<\/div>\n<\/div>\n<\/blockquote>\n<\/div>\n<\/div>\n<\/div>\n<\/div>\n<\/div>\n<\/div>\n\n\n\n<h2 class=\"wp-block-heading has-text-align-center\">Kulinarische Spuren<\/h2>\n\n\n<h4>Portr\u00e4ts<\/h4>\n<ul class=\"wp-block-list\">\n<li><strong><a href=\"https:\/\/www.podcast.de\/episode\/690198696\/26-i-prof-dr-ingo-f-scheuermann-ueber-lebenslanges-lernen-kulinarik-als-erlebnis-und-wie-kritik-wertschaetzend-gelingt\">Podcast Restaurant Hero Juni 2025<\/a><\/strong><\/li>\n<li><strong><a href=\"https:\/\/www.sueddeutsche.de\/stil\/restaurantkritiker-wenn-man-alleine-kommt-ist-man-verdaechtig-1.3749976\">S\u00fcddeutsche Zeitung<\/a><\/strong><\/li>\n<li>IV:<strong>\u00a0<a href=\"http:\/\/www.four-magazine.com\/contributors\/ingo-scheuermann\/\">http:\/\/www.four-magazine.com\/contributors\/ingo-scheuermann\/<\/a><\/strong><\/li>\n<\/ul>\n<h4>Restaurant-Bewertungen<\/h4>\n<ul>\n<li><strong><a href=\"http:\/\/effilee.de\">effilee.de<\/a><\/strong><\/li>\n<li><strong><a href=\"http:\/\/www.sternefresser.de\/\">sternefresser.de<\/a><\/strong><\/li>\n<li><strong><a href=\"https:\/\/www.four-magazine.com\">VIER<\/a><\/strong> Deutschland<\/li>\n<li>Abstimmung der Panel-Mitglieder\u00a0<strong>Die 50 Besten der Welt<\/strong>\u00a0Deutschland 2010-2018<\/li>\n<li><a href=\"http:\/\/www.port-culinaire.de\/\"><strong>Edition Port Culinaire<\/strong><\/a><\/li>\n<li><a href=\"http:\/\/www.apicius.es\/\"><strong>Apicius<\/strong><\/a><\/li>\n<\/ul>\n<h4>Moderation<\/h4>\n<ul>\n<li><strong>Chef-Sache<\/strong><\/li>\n<li><strong>Die Revolution der K\u00f6che<\/strong><\/li>\n<li><strong>Vermarktungsallianz \"Neue deutsche Schule\"<\/strong><\/li>\n<\/ul>\n<h4>B\u00fccher<\/h4>\n<ul>\n<li>Text und konzeptioneller Beitrag zu \u00a0<a href=\"https:\/\/www.amazon.de\/bau-stil-Christian-Bau\/dp\/3865287395\">\"bau.stil\"<\/a> von Christian Bau<\/li>\n<li>Textueller Beitrag zu \"<strong>Es lebe die Klassik<\/strong>\" von J\u00f6rg M\u00fcller (<a href=\"https:\/\/www.amazon.de\/lebe-die-Klassik-J%C3%B6rg-M%C3%BCller\/dp\/3865287425\">https:\/\/www.amazon.de\/lebe-die-Klassik-J\u00f6rg-M\u00fcller\/dp\/3865287425<\/a>)<\/li>\n<\/ul>","protected":false},"excerpt":{"rendered":"<p>Those who write eat twice My passion is the analytical and subtle discovery of culinary excellence. Emotionally crafted. To be experienced and as inspiration. As a food critic and restaurant blogger, I travel to the most prestigious addresses in haute cuisine\u2014as well as to hidden gems that shine quietly. I see gastronomy not only as [&hellip;]<\/p>\n","protected":false},"author":1,"featured_media":0,"parent":0,"menu_order":0,"comment_status":"closed","ping_status":"closed","template":"page-with-title","meta":{"footnotes":""},"class_list":["post-25","page","type-page","status-publish","hentry"],"jetpack_sharing_enabled":true,"_links":{"self":[{"href":"https:\/\/culinary-insights.de\/de\/wp-json\/wp\/v2\/pages\/25","targetHints":{"allow":["GET"]}}],"collection":[{"href":"https:\/\/culinary-insights.de\/de\/wp-json\/wp\/v2\/pages"}],"about":[{"href":"https:\/\/culinary-insights.de\/de\/wp-json\/wp\/v2\/types\/page"}],"author":[{"embeddable":true,"href":"https:\/\/culinary-insights.de\/de\/wp-json\/wp\/v2\/users\/1"}],"replies":[{"embeddable":true,"href":"https:\/\/culinary-insights.de\/de\/wp-json\/wp\/v2\/comments?post=25"}],"version-history":[{"count":33,"href":"https:\/\/culinary-insights.de\/de\/wp-json\/wp\/v2\/pages\/25\/revisions"}],"predecessor-version":[{"id":4654,"href":"https:\/\/culinary-insights.de\/de\/wp-json\/wp\/v2\/pages\/25\/revisions\/4654"}],"wp:attachment":[{"href":"https:\/\/culinary-insights.de\/de\/wp-json\/wp\/v2\/media?parent=25"}],"curies":[{"name":"wp","href":"https:\/\/api.w.org\/{rel}","templated":true}]}}