{"id":3,"date":"2025-07-18T11:41:45","date_gmt":"2025-07-18T11:41:45","guid":{"rendered":"https:\/\/culinary-insights.de\/?page_id=3"},"modified":"2025-08-09T11:39:51","modified_gmt":"2025-08-09T11:39:51","slug":"impressum","status":"publish","type":"page","link":"https:\/\/culinary-insights.de\/de\/impressum\/","title":{"rendered":"Impressum"},"content":{"rendered":"<p><strong>Angaben gem\u00e4\u00df \u00a7 5 TMG<\/strong><br>Prof. Dr. Ingo Scheuermann<br>Grethenweg 7<br>60598 Frankfurt<br>Deutschland<\/p>\n\n\n\n<p><strong>Kontakt<\/strong><br>Telefon: +49 (0) 175 5976229<br>E-Mail:\u00a0<a>kontakt@info@culinary-insights.de<\/a><\/p>\n\n\n\n<p><strong>Vertretungsberechtigt<\/strong><br>Prof. Dr. Ingo Scheuermann<\/p>\n\n\n\n<p><strong>Verantwortlich f\u00fcr den Inhalt nach \u00a7 55 Abs. 2 RStV<\/strong><br>Prof. Dr. Ingo Scheuermann<br>Grethenweg 7<br>60598 Frankfurt<\/p>\n\n\n\n<hr class=\"wp-block-separator has-alpha-channel-opacity\"\/>\n\n\n\n<h3 class=\"wp-block-heading\"><strong>Haftung f\u00fcr Inhalte<\/strong><\/h3>\n\n\n\n<p>Die Inhalte dieser Website wurden mit gr\u00f6\u00dfter Sorgfalt erstellt. F\u00fcr die Richtigkeit, Vollst\u00e4ndigkeit und Aktualit\u00e4t der Inhalte k\u00f6nnen wir jedoch keine Gew\u00e4hr \u00fcbernehmen.<\/p>\n\n\n\n<hr class=\"wp-block-separator has-alpha-channel-opacity\"\/>\n\n\n\n<h3 class=\"wp-block-heading\"><strong>Haftung f\u00fcr Links<\/strong><\/h3>\n\n\n\n<p>Unser Angebot enth\u00e4lt Links zu externen Websites Dritter, auf deren Inhalte wir keinen Einfluss haben. Deshalb k\u00f6nnen wir f\u00fcr diese fremden Inhalte auch keine Gew\u00e4hr \u00fcbernehmen. F\u00fcr die Inhalte der verlinkten Seiten ist stets der jeweilige Anbieter oder Betreiber der Seiten verantwortlich.<\/p>\n\n\n\n<hr class=\"wp-block-separator has-alpha-channel-opacity\"\/>\n\n\n\n<h3 class=\"wp-block-heading\"><strong>Urheberrecht<\/strong><\/h3>\n\n\n\n<p>Die durch die Seitenbetreiber erstellten Inhalte und Werke auf diesen Seiten unterliegen dem deutschen Urheberrecht. Eine Vervielf\u00e4ltigung, Bearbeitung, Verbreitung oder jede Art der Verwertung au\u00dferhalb der Grenzen des Urheberrechts bedarf der schriftlichen Zustimmung des jeweiligen Autors bzw. Erstellers.<\/p>\n\n\n\n<hr class=\"wp-block-separator has-alpha-channel-opacity\"\/>","protected":false},"excerpt":{"rendered":"<p>Angaben gem\u00e4\u00df \u00a7 5 TMGProf. Dr. Ingo ScheuermannGrethenweg 760598 FrankfurtDeutschland KontaktTelefon: +49 (0) 175 5976229E-Mail:\u00a0kontakt@info@culinary-insights.de VertretungsberechtigtProf. Dr. Ingo Scheuermann Verantwortlich f\u00fcr den Inhalt nach \u00a7 55 Abs. 2 RStVProf. Dr. Ingo ScheuermannGrethenweg 760598 Frankfurt Haftung f\u00fcr Inhalte Die Inhalte dieser Website wurden mit gr\u00f6\u00dfter Sorgfalt erstellt. F\u00fcr die Richtigkeit, Vollst\u00e4ndigkeit und Aktualit\u00e4t der Inhalte k\u00f6nnen [&hellip;]<\/p>\n","protected":false},"author":1,"featured_media":0,"parent":0,"menu_order":0,"comment_status":"closed","ping_status":"open","template":"","meta":{"footnotes":""},"class_list":["post-3","page","type-page","status-publish","hentry"],"jetpack_sharing_enabled":true,"_links":{"self":[{"href":"https:\/\/culinary-insights.de\/de\/wp-json\/wp\/v2\/pages\/3","targetHints":{"allow":["GET"]}}],"collection":[{"href":"https:\/\/culinary-insights.de\/de\/wp-json\/wp\/v2\/pages"}],"about":[{"href":"https:\/\/culinary-insights.de\/de\/wp-json\/wp\/v2\/types\/page"}],"author":[{"embeddable":true,"href":"https:\/\/culinary-insights.de\/de\/wp-json\/wp\/v2\/users\/1"}],"replies":[{"embeddable":true,"href":"https:\/\/culinary-insights.de\/de\/wp-json\/wp\/v2\/comments?post=3"}],"version-history":[{"count":2,"href":"https:\/\/culinary-insights.de\/de\/wp-json\/wp\/v2\/pages\/3\/revisions"}],"predecessor-version":[{"id":4636,"href":"https:\/\/culinary-insights.de\/de\/wp-json\/wp\/v2\/pages\/3\/revisions\/4636"}],"wp:attachment":[{"href":"https:\/\/culinary-insights.de\/de\/wp-json\/wp\/v2\/media?parent=3"}],"curies":[{"name":"wp","href":"https:\/\/api.w.org\/{rel}","templated":true}]}}